{"id":79,"date":"2020-06-21T23:08:07","date_gmt":"2020-06-21T23:08:07","guid":{"rendered":"https:\/\/meinneuesleben.eu\/?page_id=79"},"modified":"2021-10-16T21:43:33","modified_gmt":"2021-10-16T21:43:33","slug":"mein-neues-leben-beginnt","status":"publish","type":"page","link":"https:\/\/meinneuesleben.eu\/?page_id=79","title":{"rendered":"Mein &#8222;neues&#8220; Leben beginnt&#8230;."},"content":{"rendered":"\r\n<p>&#8230; die Tage im Krankenhaus waren eigentlich gar nicht mehr so dragisch, man gew\u00f6hnte sich schliesslich daran, mein Freund bekam t\u00e4glich eine WhatsApp Nachricht geschickt mit kleinen W\u00fcnschen die ich gerne h\u00e4tte, was das Essen betraf, seis Leberk\u00e4se-Br\u00f6tchen, H\u00e4hnchen oder Chips, war ja ein gutes Zeichen ich entwickelt mein Hunger ich musste ja wieder etwas auf die Rippen bekommen, ich war ja nur noch ein Strich in der Landschaft, <strong>mit 1,80m und 53kg<\/strong> ist man eben nicht mehr.<\/p>\r\n\r\n\r\n\r\n<p>Und wer denkt das die Krankenkasse mir hilfreich zu seite gestanden hatte, dem kann ich versichern, Nein hat sie nicht, eher im gegenteil es vergin keine Woche wo ich nicht mit der Kasse telefonieren musste, da man mir kein Krankengeld zahlte, und dann auch noch frech wurde mit der Aussage &#8220; warum ich auch so krank werden musste&#8220;, und das waren mit unter noch die Netten Aussagen, naja seis drum , mein Arzt sagte das ich mich von schlechten dingen und Dingen die mir nicht gut tun trennen sollte, sollte ich auch in dem Falle der Kasse wohl mal machen \ud83d\ude42 Werd ich auch .<\/p>\r\n\r\n\r\n\r\n<p>Besuch habe ich eigentlich nur von meinem Freund und dem ein oder anderen Bekannten erhalten. Was mich wirklich traurig stimmte und auch im nachhinein noch Traurig werden l\u00e4sst ist, das ich meiner Familie nicht mal 40 km fahrt wert war \/ bin. Da liegt ich, ohne \u00fcbertreiben zu wollen im sterben und mein Familie kommt eben nicht mal zu mir zu besuch, au\u00dfer telefonieren ( was mir wirklich arg schwer gefallen ist alleine nach der OP schon ) war da nichts. Selbst die Bem\u00fchungen meines Schwerpunkt-Arztes blieben fruchtlos. Kaum das ich halbwegs laufen konnte, haben mein Freund und ich uns bei einem Freund ein Auto geliehen, wo ich ihm sehr dankbar f\u00fcr bin und sind mal 40 Km gefahren, da ich nicht wirklich wusste wie und was, also musste ich eben mal hinfahren. Klingt hart, auch f\u00fcr mich, aber ich denke das meine Leute einfach nur angst haben und unwissend sind wie sie reagieren sollen&#8230;.<\/p>\r\n\r\n\r\n\r\n<p>Nun wie gesagt, ich verbrachte 3 Monate im Krankenhaus, im nachhinein hab ich mich echt ge\u00e4rgert keine Krankenhaus-tage-versicherung abgeschlossen zu haben, was mir da entgangen ist, schmunzel&#8230;.naja nun ist es zu sp\u00e4t.<\/p>\r\n\r\n\r\n\r\n<p>Es kam der Tag im September, es war kurz vor meinem Geburtstag, ich durfte nach hause gehen, endlich &#8230; ich konnte es kaum erwarten, wenngleich ich auch Angst hatte.<\/p>\r\n\r\n\r\n\r\n<ul class=\"wp-block-list\">\r\n<li>Meine Katzen\u2026<\/li>\r\n<li>meine Wohnung\u2026.<\/li>\r\n<li>meinen Freund\u2026<\/li>\r\n<li>alle da\u2026<\/li>\r\n<li>aber keine Pfleger \/ Schwestern keine \u00c4rzte, werde ich es schaffen? Was wird noch alles passieren ?!? Ich hatte schon Angst gehabt, vor allem wie werde ich zurecht kommen?<\/li>\r\n<\/ul>\r\n\r\n\r\n\r\n<p>Meine Haus\u00e4rztin musste ich auch noch informieren, schlie\u00dflich muss sie mich ja weiter behandeln und krankschreiben usw usw usw.<\/p>\r\n\r\n\r\n\r\n<p>Aber erstmal zu hause ankommen und das zu hause genie\u00dfen. Was ich zu 100% genossen habe, ist unser gro\u00dfes TV, versteht mich nicht falsch ich bin nicht materiell eingestellt, aber ich hab zu jeder Zeit unser Plasma TV genossen, schauen was ich mag \ud83d\ude42<\/p>\r\n\r\n\r\n\r\n<p>Das tat ich ausgiebig, nach einer Woche ging ich dann zu meiner Haus\u00e4rztin( den meine Krankmeldung musste erneuert werden^^), Ich \u00fcbergab Ihr meine Entlassungspapiere aus dem Krankenhaus, bzw aus beiden H\u00e4usern.<\/p>\r\n\r\n\r\n\r\n<p>Sie lass .. sie schaute&#8230; sie lass weiter&#8230;.sie schaute wieder..<\/p>\r\n\r\n\r\n\r\n<p>&#8222;Na da haben Sie ja alles mitgenommen was geht&#8220;<\/p>\r\n\r\n\r\n\r\n<p>Sie schnappte sich einen roten Stift , auf meiner Akte stehen nun drei mahnende Buchstaben in rot <strong>HIV <\/strong>, daran muss ich mich erst mal gew\u00f6hnen.<\/p>\r\n\r\n\r\n\r\n<p>Das wird schon, sagte ich mir selbst. Nun muss ich eben regelm\u00e4ssig zu meinen \u00c4rzten.<\/p>\r\n\r\n\r\n\r\n<ul class=\"wp-block-list\">\r\n<li>Schwerpunktarzt, ( 1x mal im Monat zur Inhalation, alle 3 Monate zum gro\u00dfen Labor)<\/li>\r\n<li>Hausarzt,<\/li>\r\n<li>Lungenfacharzt,<\/li>\r\n<li>Hautarzt<\/li>\r\n<\/ul>\r\n\r\n\r\n\r\n<p>Neben den Arzt besuchen kommen nun noch Beh\u00f6rdeng\u00e4nge, Antr\u00e4ge stellen, usw usw usw, erholen schaut da nun wirklich anders aus. Aus meiner Anschlussheilbehandlung wurde dann aber leider nichts, sie wurde in eine Reha &#8222;umgewandelt&#8220;, leider erst im Dezember, also hat mich mein Hausarzt weiterhin bis Dezember, genauer gesagt bis zum 13.12.2016 krank geschrieben. In der Zwischenzeit hab ich mich dann zuhause wirklich versucht etwas zu erholen, um meine Muskeln wieder etwas zu st\u00e4rken bin ich t\u00e4glich spazieren gegangen, in Koblenz hat man da ja wirklich sch\u00f6ne Ecken.<\/p>\r\n\r\n\r\n\r\n<p>Um mich dann auch mit meinem &#8222;neuen Leben&#8220; etwas mehr zu befassen hab ich den gro\u00dfen Fehler gemacht und &#8222;ge-googelt&#8220;, ei ei ei laut diversen Menschen und Seiten bin ich seit Juni 2016 schon gestorben. Gott sei Dank haben sie sich ja geirrt:-) Aber es gab auch gute Treffer, ein Forum wo ich mich belesen und schlauer gemacht habe, und ich hab mir wirklich sehr gut dort belesen und hab mir das Forum sehr genau angeschaut, anschliessend habe ich mich auch entschlossen dort zu schreiben, da dort alles anonym behandelt wird, werde ich hier auch nur die Seite nennen \ud83d\ude42<\/p>\r\n\r\n\r\n\r\n<p class=\"has-text-color has-queer-orange-color\">Wenn Ihr etwas \u00fcber HIV \/ AIDS wissen wollt, oder Euch irgendetwas Interessiert , traut Euch und fragt mich, schreibt mir einfach eine e-mail.<\/p>\r\n\r\n\r\n\r\n<p>So richtig aktiv wurde ich aber erst sp\u00e4ter dort.<\/p>\r\n\r\n\r\n\r\n<p>Nun ich war knapp 2 Monate zu hause, hab\u00b4s genossen keine Frage, zu hause ist es und es wird auch immer so bleiben, am sch\u00f6nsten.<\/p>\r\n\r\n\r\n\r\n<p>Meine Reha wurde mir vom 13. Dezember bis 08. Januar 2017 bewilligt also weihnachten und Silvester nicht zu hause,, aber was muss das muss, gro\u00df der Weihnachts-Mensch war ich eh nie.<\/p>\r\n<p><a href=\"https:\/\/meinneuesleben.eu\/?page_id=81\">Hier geht\u00b4s weiter\u00a0<\/a>\u00a0 <\/p>\r\n","protected":false},"excerpt":{"rendered":"<p>&#8230; die Tage im Krankenhaus waren eigentlich gar nicht mehr so dragisch, man gew\u00f6hnte sich schliesslich daran, mein Freund bekam t\u00e4glich eine WhatsApp Nachricht geschickt mit kleinen W\u00fcnschen die ich gerne h\u00e4tte, was das Essen betraf, seis Leberk\u00e4se-Br\u00f6tchen, H\u00e4hnchen oder Chips, war ja ein gutes Zeichen ich entwickelt mein Hunger ich musste ja wieder etwas [&hellip;]<\/p>\n","protected":false},"author":1,"featured_media":0,"parent":0,"menu_order":0,"comment_status":"closed","ping_status":"closed","template":"","meta":{"footnotes":""},"class_list":["post-79","page","type-page","status-publish","hentry"],"_links":{"self":[{"href":"https:\/\/meinneuesleben.eu\/index.php?rest_route=\/wp\/v2\/pages\/79","targetHints":{"allow":["GET"]}}],"collection":[{"href":"https:\/\/meinneuesleben.eu\/index.php?rest_route=\/wp\/v2\/pages"}],"about":[{"href":"https:\/\/meinneuesleben.eu\/index.php?rest_route=\/wp\/v2\/types\/page"}],"author":[{"embeddable":true,"href":"https:\/\/meinneuesleben.eu\/index.php?rest_route=\/wp\/v2\/users\/1"}],"replies":[{"embeddable":true,"href":"https:\/\/meinneuesleben.eu\/index.php?rest_route=%2Fwp%2Fv2%2Fcomments&post=79"}],"version-history":[{"count":2,"href":"https:\/\/meinneuesleben.eu\/index.php?rest_route=\/wp\/v2\/pages\/79\/revisions"}],"predecessor-version":[{"id":397,"href":"https:\/\/meinneuesleben.eu\/index.php?rest_route=\/wp\/v2\/pages\/79\/revisions\/397"}],"wp:attachment":[{"href":"https:\/\/meinneuesleben.eu\/index.php?rest_route=%2Fwp%2Fv2%2Fmedia&parent=79"}],"curies":[{"name":"wp","href":"https:\/\/api.w.org\/{rel}","templated":true}]}}