{"id":76,"date":"2020-06-21T22:42:06","date_gmt":"2020-06-21T22:42:06","guid":{"rendered":"https:\/\/meinneuesleben.eu\/?page_id=76"},"modified":"2023-08-25T07:33:47","modified_gmt":"2023-08-25T07:33:47","slug":"angst-angst","status":"publish","type":"page","link":"https:\/\/meinneuesleben.eu\/?page_id=76","title":{"rendered":"Angst&#8230;Angst&#8230;"},"content":{"rendered":"\r\n<p>Und es kam nat\u00fcrlich auch der Tag wo ich richtig angst hatte, in dem KH wo ich operiert wurde, wurde ich neben dem krank , krank, erbrechen, kein Hunger, nichts trinken , ab udn zu mal nen Tee, der dann am abend oral den weg nach draussen suchte, das war glaub auch nur paar tage, aber diese Tage reichten aus um meinem Hirn zu sagen , \u201c Nun gehts \u201esix feed under\u201c..Nun musst du sterben\u2026..<\/p>\r\n\r\n\r\n\r\n<p>Im ersten Krankenhaus hatte die \u201eRat und Tat\u201c ( ehemals AIDS Hilfe Koblenz) mit mir Verbinung aufgenomen, um mich als \u201elate Presenter\u201c zu unterst\u00fczen, beistehen usw usw. Ja ich war dankbar das ich diesen Kontakt hatte,denn den brauchte ich noch und wie ich ihn brauchte:-) In der o.g. Krankensache ( \u00dcbelkeit usw) hatte ich meinen sogenanntes \u201eKrankenhaus-Kollaps\u201c, klar 2 Monate in einem Krankenzimmer, mit einer \u201et\u00f6dlichen\u201c Krankheit, zwei schl\u00e4uche aus der Burst baumeln, WOW ich werde sicherlich Mr.sexy 2016 \u2026 es kamen in der einsamkeit ( ich hatte 4 wochen lang ein einzelzimmer, \u201eman wolle mein geschw\u00e4chtes Immunsystem sch\u00fctzen\u201c h\u00fcstel\u2026 ) eben auch die \u00dcberlegungen, was kommt nach dem tod\u2026und diese ganzen scherze^^<\/p>\r\n\r\n\r\n\r\n<p>Aber ich muss sagen, selbst mein SPA hat nach mir geschaut, aus dem KH wo er arbeitete einfach mal so zu einem Patienten X in ein anderes KH zu gehen und mich aufzubauen, einen riesen Respekt. Auch S. von Rat und Tat Koblenz ( Der Name ist gek\u00fcrzt, da ich nicht weis ob ich ihren Namen schreiben darf^^), kam vorbei und baute mich auf.<\/p>\r\n\r\n\r\n\r\n<p>Mein Immunssystem war ja so gut wie ausgefallen, hatte ja nur ein paar Helferzellen und dann die gro\u00dfe OP, da mussten ja schmerzen erscheinen, aber leider blieben sie aus, denn ich wurde t\u00e4glich gefragt ob ich Schmerzen habe ( klar es zwickte etwas), aber schmerzen nein , daher \u201eleider\u201c , der \u00c4rzte wegen *lach*. Ich hatte vorher keine Therapie gemacht, es wurde sich prim\u00e4r erstmal um meine <a href=\"http:\/\/www.hivleitfaden.de\/cms\/index.asp?inst=hivleitfaden&amp;snr=2246\" target=\"_blank\" rel=\"noreferrer noopener\">PCP<\/a> gek\u00fcmmert. 1 Woche, nach der OP begann ich dann die <a href=\"https:\/\/de.wikipedia.org\/wiki\/Antiretrovirale_Therapie\" target=\"_blank\" rel=\"noreferrer noopener\">ART<\/a> .<\/p>\r\n\r\n\r\n\r\n<p>Nach der OP an der Lunge musste ich ganze 4 Wochen in dem Krankenhaus bleiben, danach wurde ich dann wieder zur\u00fcck verlegt ins erste Krankenhaus. Dort wurde dann wieder neben der Lunge und Wundheilung auf meine Infektion behandelt, weitere Wochen Krankenhaus folgten dann.<\/p>\r\n\r\n\r\n\r\n<p>Langsam aber sicher entschied sich mein K\u00f6rper auch wieder an Gewicht zu zunehmen. Neben Allergischen Erscheinungen musste mein K\u00f6rper auch noch lernen sich mal wieder etwas zu bewegen, die Wochen im Bett liegen haben meine Muskeln doch stark geschw\u00e4cht, ich kam mir ja vor wie ein alter Greis. Bei meinen fast t\u00e4glichen Spazierg\u00e4ngen mit meinem Freund, hatte ich meinen \u201eneuen\u201c Freund auch dabei, meinen Gehstock. Eitel wie ich bin, habe ich mir im Internet einen faltbaren Stock gekauft, da ich ihn ja noch einige Zeit brauchen werde.<\/p>\r\n\r\n\r\n\r\n<p>Statt meiner intraven\u00f6sen Therapie gegen die PCP erhielt ich nun eine Inhalation, da ich eine Allergie gegen das Medikament entwickelte, stellenweise habe ich mich tief blutig gekratzt, so das ich heute ein paar Narben davon trage, am schlimmsten waren die Kratzer, an der Stirn, der Brust , und dem Oberschenkel. Aber diese vergingen auch , mein K\u00f6rper oder besser gesagt mein Immunsystem muss von Grund auf alles neu lernen, so kann es passieren das ich allergien bekomme die ich fr\u00fcher nicht hatte, man kann sagen das mein Immunsystem im Neugeborenen Status ist und wieder zur\u00fcck ins Erwachsenen Leben kommen muss, daf\u00fcr unter anderem sind die Medikamente. Immerhin hab ich es nun auf ganze 42 Helferzellen geschafft ( hui hui hui).<\/p>\r\n\r\n\r\n\r\n<figure class=\"wp-block-image size-large\"><img loading=\"lazy\" decoding=\"async\" width=\"768\" height=\"1024\" class=\"wp-image-77\" src=\"https:\/\/meinneuesleben.eu\/wp-content\/uploads\/2020\/06\/img-20160901-wa0001-768x1024.jpg\" alt=\"\" srcset=\"https:\/\/meinneuesleben.eu\/wp-content\/uploads\/2020\/06\/img-20160901-wa0001-768x1024.jpg 768w, https:\/\/meinneuesleben.eu\/wp-content\/uploads\/2020\/06\/img-20160901-wa0001-225x300.jpg 225w, https:\/\/meinneuesleben.eu\/wp-content\/uploads\/2020\/06\/img-20160901-wa0001-1152x1536.jpg 1152w, https:\/\/meinneuesleben.eu\/wp-content\/uploads\/2020\/06\/img-20160901-wa0001.jpg 1536w\" sizes=\"auto, (max-width: 767px) 89vw, (max-width: 1000px) 54vw, (max-width: 1071px) 543px, 580px\" \/>\r\n<figcaption>zu sehen sind auch einige Wunden, wo ich mich tief und blutig aufgekratzt habe, narben sind heute noch zu sehen.<br \/><br \/><a href=\"https:\/\/meinneuesleben.eu\/?page_id=79\">Hier geht\u00b4s weiter<\/a><\/figcaption>\r\n<\/figure>\r\n\r\n\r\n\r\n<p>&nbsp;<\/p>\r\n","protected":false},"excerpt":{"rendered":"<p>Und es kam nat\u00fcrlich auch der Tag wo ich richtig angst hatte, in dem KH wo ich operiert wurde, wurde ich neben dem krank , krank, erbrechen, kein Hunger, nichts trinken , ab udn zu mal nen Tee, der dann am abend oral den weg nach draussen suchte, das war glaub auch nur paar tage, [&hellip;]<\/p>\n","protected":false},"author":1,"featured_media":0,"parent":0,"menu_order":0,"comment_status":"closed","ping_status":"closed","template":"","meta":{"footnotes":""},"class_list":["post-76","page","type-page","status-publish","hentry"],"_links":{"self":[{"href":"https:\/\/meinneuesleben.eu\/index.php?rest_route=\/wp\/v2\/pages\/76","targetHints":{"allow":["GET"]}}],"collection":[{"href":"https:\/\/meinneuesleben.eu\/index.php?rest_route=\/wp\/v2\/pages"}],"about":[{"href":"https:\/\/meinneuesleben.eu\/index.php?rest_route=\/wp\/v2\/types\/page"}],"author":[{"embeddable":true,"href":"https:\/\/meinneuesleben.eu\/index.php?rest_route=\/wp\/v2\/users\/1"}],"replies":[{"embeddable":true,"href":"https:\/\/meinneuesleben.eu\/index.php?rest_route=%2Fwp%2Fv2%2Fcomments&post=76"}],"version-history":[{"count":3,"href":"https:\/\/meinneuesleben.eu\/index.php?rest_route=\/wp\/v2\/pages\/76\/revisions"}],"predecessor-version":[{"id":404,"href":"https:\/\/meinneuesleben.eu\/index.php?rest_route=\/wp\/v2\/pages\/76\/revisions\/404"}],"wp:attachment":[{"href":"https:\/\/meinneuesleben.eu\/index.php?rest_route=%2Fwp%2Fv2%2Fmedia&parent=76"}],"curies":[{"name":"wp","href":"https:\/\/api.w.org\/{rel}","templated":true}]}}