{"id":59,"date":"2020-06-21T22:37:19","date_gmt":"2020-06-21T22:37:19","guid":{"rendered":"https:\/\/meinneuesleben.eu\/?page_id=59"},"modified":"2021-10-16T21:42:07","modified_gmt":"2021-10-16T21:42:07","slug":"der-schockmoment","status":"publish","type":"page","link":"https:\/\/meinneuesleben.eu\/?page_id=59","title":{"rendered":"Der Schockmoment"},"content":{"rendered":"\r\n<p>Geplant war das ich 21 Tage lang eine Infusion erhalte,<br \/>zur Behandlung meiner PCP, (der Lungenentz\u00fcndung),<br \/>nach knapp 10 Tagen, ich war gerade mit meinem Freund spazieren gewesen,<br \/>und hatte auch den gechmack der Zigaretten<br \/>wiedergefunden und logischweise beim gehen eien geraucht.<br \/>Als wir auf dem Weg ins Zimmer von einer Schwester angehalten wurden.<\/p>\r\n\r\n\r\n\r\n<p><strong><em>&#8222;Das sind Sie ja, sie m\u00fcssen sofort auf die Intensivstation!&#8220;<\/em><\/strong><strong>ANGST&#8230;..<\/strong><\/p>\r\n\r\n\r\n\r\n<p>Man teilte uns schnell auf dem Weg zur Intensivstation mit das mein<br \/>rechter Lungenfl\u00fcgel kollabiert sei und ich sofort eine Drainage in die Lunge brauche.<br \/>Ich hatte wahnsinnige Angst.<br \/>Um meinen Freund den Anblick zu ersparen,<br \/>wie mir bei vollem Bewusstsein &#8211; nur mit \u00f6rtlicher Bet\u00e4ubung &#8211;<br \/>einen Schnitt in die Seite rein und dort mit einer Stange zwischen die Rippen<br \/>in den Brustkorb gestochen wird, um dann in das Loch die<br \/>Drainage zu setzen, schickte ich ihn nach Hause.<br \/>Es reicht ja das ich es durchmachte, da muss er das nicht noch sehen.<\/p>\r\n\r\n\r\n\r\n<blockquote class=\"wp-block-quote is-layout-flow wp-block-quote-is-layout-flow\">\r\n<p>\u00a0\u00a0\u00a0\u00a0\u00a0\u00a0\u00a0\u00a0\u00a0\u00a0\u00a0\u00a0\u00a0\u00a0\u00a0\u00a0\u00a0\u00a0\u00a0\u00a0\u00a0\u00a0 <strong><em>grafische Darstellung:<\/em><\/strong><\/p>\r\n<\/blockquote>\r\n\r\n\r\n\r\n<figure class=\"wp-block-gallery columns-2 is-cropped wp-block-gallery-2 is-layout-flex wp-block-gallery-is-layout-flex\">\r\n<ul class=\"blocks-gallery-grid\">\r\n<li class=\"blocks-gallery-item\">\r\n<figure>\r\n<figure id=\"attachment_61\" aria-describedby=\"caption-attachment-61\" style=\"width: 298px\" class=\"wp-caption alignnone\"><img loading=\"lazy\" decoding=\"async\" class=\"wp-image-61\" src=\"https:\/\/meinneuesleben.eu\/wp-content\/uploads\/2020\/06\/thorax1.jpg\" alt=\"\" width=\"298\" height=\"234\" data-id=\"61\" data-full-url=\"https:\/\/meinneuesleben.eu\/wp-content\/uploads\/2020\/06\/thorax1.jpg\" data-link=\"https:\/\/meinneuesleben.eu\/?attachment_id=61\" \/><figcaption id=\"caption-attachment-61\" class=\"wp-caption-text\">Bildquelle: https:\/\/de-academic.com<\/figcaption><\/figure>\r\n<\/figure>\r\n<\/li>\r\n<li class=\"blocks-gallery-item\">\r\n<figure>\r\n<figure id=\"attachment_60\" aria-describedby=\"caption-attachment-60\" style=\"width: 227px\" class=\"wp-caption alignnone\"><img loading=\"lazy\" decoding=\"async\" class=\"wp-image-60\" src=\"https:\/\/meinneuesleben.eu\/wp-content\/uploads\/2020\/06\/td-hemothorax-2.jpg\" alt=\"\" width=\"227\" height=\"200\" data-id=\"60\" data-full-url=\"https:\/\/meinneuesleben.eu\/wp-content\/uploads\/2020\/06\/td-hemothorax-2.jpg\" data-link=\"https:\/\/meinneuesleben.eu\/?attachment_id=60\" \/><figcaption id=\"caption-attachment-60\" class=\"wp-caption-text\">Bildquelle: https:\/\/de-academic.com<\/figcaption><\/figure>\r\n<\/figure>\r\n<\/li>\r\n<\/ul>\r\n<\/figure>\r\n\r\n\r\n\r\n<p class=\"has-text-align-center\">und so sah es dann in natura bei mir aus:<\/p>\r\n\r\n\r\n\r\n<figure class=\"wp-block-gallery columns-2 is-cropped wp-block-gallery-3 is-layout-flex wp-block-gallery-is-layout-flex\">\r\n<ul class=\"blocks-gallery-grid\">\r\n<li class=\"blocks-gallery-item\">\r\n<figure>\r\n<figure id=\"attachment_62\" aria-describedby=\"caption-attachment-62\" style=\"width: 768px\" class=\"wp-caption alignnone\"><img loading=\"lazy\" decoding=\"async\" class=\"wp-image-62\" src=\"https:\/\/meinneuesleben.eu\/wp-content\/uploads\/2020\/06\/2016-07-11-08-30-54-768x1024.jpg\" alt=\"\" width=\"768\" height=\"1024\" data-id=\"62\" data-full-url=\"https:\/\/meinneuesleben.eu\/wp-content\/uploads\/2020\/06\/2016-07-11-08-30-54.jpg\" data-link=\"https:\/\/meinneuesleben.eu\/?attachment_id=62\" srcset=\"https:\/\/meinneuesleben.eu\/wp-content\/uploads\/2020\/06\/2016-07-11-08-30-54-768x1024.jpg 768w, https:\/\/meinneuesleben.eu\/wp-content\/uploads\/2020\/06\/2016-07-11-08-30-54-225x300.jpg 225w, https:\/\/meinneuesleben.eu\/wp-content\/uploads\/2020\/06\/2016-07-11-08-30-54-1152x1536.jpg 1152w, https:\/\/meinneuesleben.eu\/wp-content\/uploads\/2020\/06\/2016-07-11-08-30-54.jpg 1536w\" sizes=\"auto, (max-width: 767px) 89vw, (max-width: 1000px) 54vw, (max-width: 1071px) 543px, 580px\" \/><figcaption id=\"caption-attachment-62\" class=\"wp-caption-text\">Bilduelle: privat-Archiv (Frank Scherb)<\/figcaption><\/figure>\r\n<\/figure>\r\n<\/li>\r\n<li class=\"blocks-gallery-item\">\r\n<figure>\r\n<figure id=\"attachment_63\" aria-describedby=\"caption-attachment-63\" style=\"width: 1024px\" class=\"wp-caption alignnone\"><img loading=\"lazy\" decoding=\"async\" class=\"wp-image-63\" src=\"https:\/\/meinneuesleben.eu\/wp-content\/uploads\/2020\/06\/2016-07-04-e1492376747269-1024x705.jpg\" alt=\"\" width=\"1024\" height=\"705\" data-id=\"63\" data-full-url=\"https:\/\/meinneuesleben.eu\/wp-content\/uploads\/2020\/06\/2016-07-04-e1492376747269.jpg\" data-link=\"https:\/\/meinneuesleben.eu\/?attachment_id=63\" srcset=\"https:\/\/meinneuesleben.eu\/wp-content\/uploads\/2020\/06\/2016-07-04-e1492376747269-1024x705.jpg 1024w, https:\/\/meinneuesleben.eu\/wp-content\/uploads\/2020\/06\/2016-07-04-e1492376747269-300x206.jpg 300w, https:\/\/meinneuesleben.eu\/wp-content\/uploads\/2020\/06\/2016-07-04-e1492376747269-768x528.jpg 768w, https:\/\/meinneuesleben.eu\/wp-content\/uploads\/2020\/06\/2016-07-04-e1492376747269.jpg 1398w\" sizes=\"auto, (max-width: 767px) 89vw, (max-width: 1000px) 54vw, (max-width: 1071px) 543px, 580px\" \/><figcaption id=\"caption-attachment-63\" class=\"wp-caption-text\">Bilduelle: privat-Archiv (Frank Scherb)<\/figcaption><\/figure>\r\n<\/figure>\r\n<\/li>\r\n<\/ul>\r\n<\/figure>\r\n\r\n\r\n\r\n<p>Tja mit dieser Drainage lag ich zwei Wochen auf der Intensivstation, es waren Erfahrungen die ich neu f\u00fcr mich kennen lernen musste. Klar als Pfleger war ich es gewohnt Patienten den Toilettenstuhl oder die Ente zu reichen, damit sie sich erleichtern k\u00f6nnen, aber ich, ich selbst auf das Zeug gehen und danach klingeln? Ohje&#8230;<\/p>\r\n\r\n\r\n\r\n<p>Aber es half ja nichts ich musste, und das in jeder Hinsicht \ud83d\ude42 Leider konnte ich mich die 2 Wochen auf der Intensivstation so gut wie gar nicht bewegen, da die Drainage an einem Beh\u00e4lter und dieser mittels Verbindung an der Wand verbunden war damit der Luftdruck stimmte.<\/p>\r\n\r\n\r\n\r\n<figure class=\"wp-block-gallery columns-2 is-cropped wp-block-gallery-4 is-layout-flex wp-block-gallery-is-layout-flex\">\r\n<ul class=\"blocks-gallery-grid\">\r\n<li class=\"blocks-gallery-item\">\r\n<figure>\r\n<figure id=\"attachment_64\" aria-describedby=\"caption-attachment-64\" style=\"width: 750px\" class=\"wp-caption alignnone\"><img loading=\"lazy\" decoding=\"async\" class=\"wp-image-64\" src=\"https:\/\/meinneuesleben.eu\/wp-content\/uploads\/2020\/06\/disposable-thoracic-chest-drainage-bottle-with-one.jpg\" alt=\"\" width=\"750\" height=\"1000\" data-id=\"64\" data-full-url=\"https:\/\/meinneuesleben.eu\/wp-content\/uploads\/2020\/06\/disposable-thoracic-chest-drainage-bottle-with-one.jpg\" data-link=\"https:\/\/meinneuesleben.eu\/?attachment_id=64\" srcset=\"https:\/\/meinneuesleben.eu\/wp-content\/uploads\/2020\/06\/disposable-thoracic-chest-drainage-bottle-with-one.jpg 750w, https:\/\/meinneuesleben.eu\/wp-content\/uploads\/2020\/06\/disposable-thoracic-chest-drainage-bottle-with-one-225x300.jpg 225w\" sizes=\"auto, (max-width: 706px) 89vw, (max-width: 767px) 82vw, 740px\" \/><figcaption id=\"caption-attachment-64\" class=\"wp-caption-text\">Bildquelle: https:\/\/de-academic.com<\/figcaption><\/figure>\r\n<\/figure>\r\n<\/li>\r\n<li class=\"blocks-gallery-item\">\r\n<figure>\r\n<figure id=\"attachment_65\" aria-describedby=\"caption-attachment-65\" style=\"width: 176px\" class=\"wp-caption alignnone\"><img loading=\"lazy\" decoding=\"async\" class=\"wp-image-65\" src=\"https:\/\/meinneuesleben.eu\/wp-content\/uploads\/2020\/06\/images.jpg\" alt=\"\" width=\"176\" height=\"117\" data-id=\"65\" data-full-url=\"https:\/\/meinneuesleben.eu\/wp-content\/uploads\/2020\/06\/images.jpg\" data-link=\"https:\/\/meinneuesleben.eu\/?attachment_id=65\" \/><figcaption id=\"caption-attachment-65\" class=\"wp-caption-text\">Bildquelle: https:\/\/de-academic.com<\/figcaption><\/figure>\r\n<\/figure>\r\n<\/li>\r\n<\/ul>\r\n<\/figure>\r\n\r\n\r\n\r\n<p>So in etwa sah mein &#8222;neuer Freund&#8220; dann aus.<\/p>\r\n\r\n\r\n\r\n<p>In den zwei Wochen hat man mehrfach versucht und abgewartet, ob mein Lungenfl\u00fcgel sich wieder erholt und selbstst\u00e4ndig aufgeblasen bleibt, leider war dies nicht der Fall, da ich einen sogenannten <a href=\"https:\/\/befunddolmetscher.de\/ct\/thorax\/3786\/Bullae\" target=\"_blank\" rel=\"noreferrer noopener\">Bullae<\/a> hatte dieser wurde chirurgisch entfernt, so das mein Lungenfl\u00fcgel nun etwas kleiner ist, der vorteil beim rechten Lungenfl\u00fcgel ist aber das er aus drei Kammern besteht und das fehlende St\u00fcck durch die restlichen beiden Kammern ausgeglichen wird. Der Ablauf der OP bestand eigentlich aus dem entfernen des Bullae, in der Konsequenz wurden mir Lungenfell und Brustfell auf der rechten Seite entfernt, so das das Lungenfl\u00fcgel an meinem Brustkorb verw\u00e4chst. Die gesamte OP wurde aber in einem anderen Krankenhaus vorgenommen, die auf Thorax und Lunge Speziallisten sind. In diesem Krankenhaus verbrachte ich dann ganze 5 Wochen, aber vorteil dort war, das ich auf normaler Station lag. Hier einige Bilder nach der OP und meinem ersten Spaziergang.<\/p>\r\n\r\n\r\n\r\n<div class=\"wp-block-group\">\r\n<div class=\"wp-block-group__inner-container is-layout-flow wp-block-group-is-layout-flow\">\r\n<figure class=\"wp-block-gallery aligncenter columns-4 is-cropped wp-block-gallery-5 is-layout-flex wp-block-gallery-is-layout-flex\">\r\n<ul class=\"blocks-gallery-grid\">\r\n<li class=\"blocks-gallery-item\">\r\n<figure>\r\n<figure id=\"attachment_68\" aria-describedby=\"caption-attachment-68\" style=\"width: 765px\" class=\"wp-caption alignnone\"><img loading=\"lazy\" decoding=\"async\" class=\"wp-image-68\" src=\"https:\/\/meinneuesleben.eu\/wp-content\/uploads\/2020\/06\/wp_20160722_21_04_55_pro-1-765x1024.jpg\" alt=\"\" width=\"765\" height=\"1024\" data-id=\"68\" data-full-url=\"https:\/\/meinneuesleben.eu\/wp-content\/uploads\/2020\/06\/wp_20160722_21_04_55_pro-1-scaled.jpg\" data-link=\"https:\/\/meinneuesleben.eu\/?attachment_id=68\" srcset=\"https:\/\/meinneuesleben.eu\/wp-content\/uploads\/2020\/06\/wp_20160722_21_04_55_pro-1-765x1024.jpg 765w, https:\/\/meinneuesleben.eu\/wp-content\/uploads\/2020\/06\/wp_20160722_21_04_55_pro-1-224x300.jpg 224w, https:\/\/meinneuesleben.eu\/wp-content\/uploads\/2020\/06\/wp_20160722_21_04_55_pro-1-768x1028.jpg 768w, https:\/\/meinneuesleben.eu\/wp-content\/uploads\/2020\/06\/wp_20160722_21_04_55_pro-1-1147x1536.jpg 1147w, https:\/\/meinneuesleben.eu\/wp-content\/uploads\/2020\/06\/wp_20160722_21_04_55_pro-1-1530x2048.jpg 1530w, https:\/\/meinneuesleben.eu\/wp-content\/uploads\/2020\/06\/wp_20160722_21_04_55_pro-1-scaled.jpg 1912w\" sizes=\"auto, (max-width: 706px) 89vw, (max-width: 767px) 82vw, 740px\" \/><figcaption id=\"caption-attachment-68\" class=\"wp-caption-text\">Bilduelle: privat-Archiv (Frank Scherb)<\/figcaption><\/figure>\r\n<\/figure>\r\n<\/li>\r\n<li class=\"blocks-gallery-item\">\r\n<figure>\r\n<figure id=\"attachment_67\" aria-describedby=\"caption-attachment-67\" style=\"width: 765px\" class=\"wp-caption alignnone\"><img loading=\"lazy\" decoding=\"async\" class=\"wp-image-67\" src=\"https:\/\/meinneuesleben.eu\/wp-content\/uploads\/2020\/06\/wp_20160714_12_17_30_pro-765x1024.jpg\" alt=\"\" width=\"765\" height=\"1024\" data-id=\"67\" data-full-url=\"https:\/\/meinneuesleben.eu\/wp-content\/uploads\/2020\/06\/wp_20160714_12_17_30_pro-scaled.jpg\" data-link=\"https:\/\/meinneuesleben.eu\/?attachment_id=67\" srcset=\"https:\/\/meinneuesleben.eu\/wp-content\/uploads\/2020\/06\/wp_20160714_12_17_30_pro-765x1024.jpg 765w, https:\/\/meinneuesleben.eu\/wp-content\/uploads\/2020\/06\/wp_20160714_12_17_30_pro-224x300.jpg 224w, https:\/\/meinneuesleben.eu\/wp-content\/uploads\/2020\/06\/wp_20160714_12_17_30_pro-768x1028.jpg 768w, https:\/\/meinneuesleben.eu\/wp-content\/uploads\/2020\/06\/wp_20160714_12_17_30_pro-1147x1536.jpg 1147w, https:\/\/meinneuesleben.eu\/wp-content\/uploads\/2020\/06\/wp_20160714_12_17_30_pro-1530x2048.jpg 1530w, https:\/\/meinneuesleben.eu\/wp-content\/uploads\/2020\/06\/wp_20160714_12_17_30_pro-scaled.jpg 1912w\" sizes=\"auto, (max-width: 706px) 89vw, (max-width: 767px) 82vw, 740px\" \/><figcaption id=\"caption-attachment-67\" class=\"wp-caption-text\">Bilduelle: privat-Archiv (Frank Scherb)<\/figcaption><\/figure>\r\n<\/figure>\r\n<\/li>\r\n<li class=\"blocks-gallery-item\">\r\n<figure><img loading=\"lazy\" decoding=\"async\" width=\"838\" height=\"1024\" class=\"wp-image-69\" src=\"https:\/\/meinneuesleben.eu\/wp-content\/uploads\/2020\/06\/2016-07-05-20-48-47-e1493313354233-838x1024.jpg\" alt=\"\" data-id=\"69\" data-full-url=\"https:\/\/meinneuesleben.eu\/wp-content\/uploads\/2020\/06\/2016-07-05-20-48-47-e1493313354233.jpg\" data-link=\"https:\/\/meinneuesleben.eu\/?attachment_id=69\" srcset=\"https:\/\/meinneuesleben.eu\/wp-content\/uploads\/2020\/06\/2016-07-05-20-48-47-e1493313354233-838x1024.jpg 838w, https:\/\/meinneuesleben.eu\/wp-content\/uploads\/2020\/06\/2016-07-05-20-48-47-e1493313354233-245x300.jpg 245w, https:\/\/meinneuesleben.eu\/wp-content\/uploads\/2020\/06\/2016-07-05-20-48-47-e1493313354233-768x939.jpg 768w, https:\/\/meinneuesleben.eu\/wp-content\/uploads\/2020\/06\/2016-07-05-20-48-47-e1493313354233-1257x1536.jpg 1257w, https:\/\/meinneuesleben.eu\/wp-content\/uploads\/2020\/06\/2016-07-05-20-48-47-e1493313354233-1676x2048.jpg 1676w, https:\/\/meinneuesleben.eu\/wp-content\/uploads\/2020\/06\/2016-07-05-20-48-47-e1493313354233.jpg 1936w\" sizes=\"auto, (max-width: 767px) 89vw, (max-width: 1000px) 54vw, (max-width: 1071px) 543px, 580px\" \/><\/figure>\r\n<\/li>\r\n<li class=\"blocks-gallery-item\">\r\n<figure><img loading=\"lazy\" decoding=\"async\" width=\"765\" height=\"1024\" class=\"wp-image-66\" src=\"https:\/\/meinneuesleben.eu\/wp-content\/uploads\/2020\/06\/wp_20160714_12_17_10_pro-765x1024.jpg\" alt=\"\" data-id=\"66\" data-full-url=\"https:\/\/meinneuesleben.eu\/wp-content\/uploads\/2020\/06\/wp_20160714_12_17_10_pro-scaled.jpg\" data-link=\"https:\/\/meinneuesleben.eu\/?attachment_id=66\" srcset=\"https:\/\/meinneuesleben.eu\/wp-content\/uploads\/2020\/06\/wp_20160714_12_17_10_pro-765x1024.jpg 765w, https:\/\/meinneuesleben.eu\/wp-content\/uploads\/2020\/06\/wp_20160714_12_17_10_pro-224x300.jpg 224w, https:\/\/meinneuesleben.eu\/wp-content\/uploads\/2020\/06\/wp_20160714_12_17_10_pro-768x1028.jpg 768w, https:\/\/meinneuesleben.eu\/wp-content\/uploads\/2020\/06\/wp_20160714_12_17_10_pro-1147x1536.jpg 1147w, https:\/\/meinneuesleben.eu\/wp-content\/uploads\/2020\/06\/wp_20160714_12_17_10_pro-1530x2048.jpg 1530w, https:\/\/meinneuesleben.eu\/wp-content\/uploads\/2020\/06\/wp_20160714_12_17_10_pro-scaled.jpg 1912w\" sizes=\"auto, (max-width: 706px) 89vw, (max-width: 767px) 82vw, 740px\" \/><\/figure>\r\n<\/li>\r\n<\/ul>\r\n<\/figure>\r\n<\/div>\r\n<\/div>\r\n\r\n\r\n\r\n<p>Was noch ein gro\u00dfer Vorteil war, ich hatte eine &#8222;mobile Pumpe&#8220; an meinen Drainagen diesmal hatte ich zwei davon, waren aber ertr\u00e4glicher wie die erste, lag alleine daran das ich mich bewegen konnte und sogar musste.<\/p>\r\n\r\n\r\n\r\n<figure class=\"wp-block-gallery columns-3 is-cropped wp-block-gallery-6 is-layout-flex wp-block-gallery-is-layout-flex\">\r\n<ul class=\"blocks-gallery-grid\">\r\n<li class=\"blocks-gallery-item\">\r\n<figure>\r\n<figure id=\"attachment_73\" aria-describedby=\"caption-attachment-73\" style=\"width: 754px\" class=\"wp-caption alignnone\"><img loading=\"lazy\" decoding=\"async\" class=\"wp-image-73\" src=\"https:\/\/meinneuesleben.eu\/wp-content\/uploads\/2020\/06\/2016-07-24-e1492518261478-754x1024.jpg\" alt=\"\" width=\"754\" height=\"1024\" data-id=\"73\" data-full-url=\"https:\/\/meinneuesleben.eu\/wp-content\/uploads\/2020\/06\/2016-07-24-e1492518261478.jpg\" data-link=\"https:\/\/meinneuesleben.eu\/2016-07-24-e1492518261478\" srcset=\"https:\/\/meinneuesleben.eu\/wp-content\/uploads\/2020\/06\/2016-07-24-e1492518261478-754x1024.jpg 754w, https:\/\/meinneuesleben.eu\/wp-content\/uploads\/2020\/06\/2016-07-24-e1492518261478-221x300.jpg 221w, https:\/\/meinneuesleben.eu\/wp-content\/uploads\/2020\/06\/2016-07-24-e1492518261478-768x1044.jpg 768w, https:\/\/meinneuesleben.eu\/wp-content\/uploads\/2020\/06\/2016-07-24-e1492518261478.jpg 939w\" sizes=\"auto, (max-width: 706px) 89vw, (max-width: 767px) 82vw, 740px\" \/><figcaption id=\"caption-attachment-73\" class=\"wp-caption-text\">Bilduelle: privat-Archiv (Frank Scherb)<\/figcaption><\/figure>\r\n<\/figure>\r\n<\/li>\r\n<li class=\"blocks-gallery-item\">\r\n<figure>\r\n<figure id=\"attachment_72\" aria-describedby=\"caption-attachment-72\" style=\"width: 1024px\" class=\"wp-caption alignnone\"><img loading=\"lazy\" decoding=\"async\" class=\"wp-image-72\" src=\"https:\/\/meinneuesleben.eu\/wp-content\/uploads\/2020\/06\/2016-07-24-09-58-30-e1492518321364-1024x1021.jpg\" alt=\"\" width=\"1024\" height=\"1021\" data-id=\"72\" data-full-url=\"https:\/\/meinneuesleben.eu\/wp-content\/uploads\/2020\/06\/2016-07-24-09-58-30-e1492518321364.jpg\" data-link=\"https:\/\/meinneuesleben.eu\/2016-07-24-09-58-30-e1492518321364\" srcset=\"https:\/\/meinneuesleben.eu\/wp-content\/uploads\/2020\/06\/2016-07-24-09-58-30-e1492518321364-1024x1021.jpg 1024w, https:\/\/meinneuesleben.eu\/wp-content\/uploads\/2020\/06\/2016-07-24-09-58-30-e1492518321364-300x300.jpg 300w, https:\/\/meinneuesleben.eu\/wp-content\/uploads\/2020\/06\/2016-07-24-09-58-30-e1492518321364-150x150.jpg 150w, https:\/\/meinneuesleben.eu\/wp-content\/uploads\/2020\/06\/2016-07-24-09-58-30-e1492518321364-768x766.jpg 768w, https:\/\/meinneuesleben.eu\/wp-content\/uploads\/2020\/06\/2016-07-24-09-58-30-e1492518321364-1536x1532.jpg 1536w, https:\/\/meinneuesleben.eu\/wp-content\/uploads\/2020\/06\/2016-07-24-09-58-30-e1492518321364.jpg 1716w\" sizes=\"auto, (max-width: 767px) 89vw, (max-width: 1000px) 54vw, (max-width: 1071px) 543px, 580px\" \/><figcaption id=\"caption-attachment-72\" class=\"wp-caption-text\">Bilduelle: privat-Archiv (Frank Scherb)<\/figcaption><\/figure>\r\n<\/figure>\r\n<\/li>\r\n<li class=\"blocks-gallery-item\">\r\n<figure><img loading=\"lazy\" decoding=\"async\" width=\"768\" height=\"1024\" class=\"wp-image-74\" src=\"https:\/\/meinneuesleben.eu\/wp-content\/uploads\/2020\/06\/2016-07-25-08-54-02-768x1024.jpg\" alt=\"\" data-id=\"74\" data-full-url=\"https:\/\/meinneuesleben.eu\/wp-content\/uploads\/2020\/06\/2016-07-25-08-54-02-scaled.jpg\" data-link=\"https:\/\/meinneuesleben.eu\/2016-07-25-08-54-02\" srcset=\"https:\/\/meinneuesleben.eu\/wp-content\/uploads\/2020\/06\/2016-07-25-08-54-02-768x1024.jpg 768w, https:\/\/meinneuesleben.eu\/wp-content\/uploads\/2020\/06\/2016-07-25-08-54-02-225x300.jpg 225w, https:\/\/meinneuesleben.eu\/wp-content\/uploads\/2020\/06\/2016-07-25-08-54-02-1152x1536.jpg 1152w, https:\/\/meinneuesleben.eu\/wp-content\/uploads\/2020\/06\/2016-07-25-08-54-02-1536x2048.jpg 1536w, https:\/\/meinneuesleben.eu\/wp-content\/uploads\/2020\/06\/2016-07-25-08-54-02-scaled.jpg 1920w\" sizes=\"auto, (max-width: 767px) 89vw, (max-width: 1000px) 54vw, (max-width: 1071px) 543px, 580px\" \/><\/figure>\r\n<\/li>\r\n<\/ul>\r\n<\/figure>\r\n\r\n\r\n\r\n<p>Nun hie\u00df es warten, warten und ja warten, warten drauf das der Lungenfl\u00fcgel sich nun wieder erholen wird und selbstst\u00e4ndig ohne die Pumpe und Drainagen von alleine die arbeit \u00fcbernimmt. Er tat es dann nach langen qualvollen 4 Wochen. In diesen 4 Wochen machte ich eigentlich den gr\u00f6ssten und schlimmsten Teil, jedenfalls bis jetzt, meiner Infektion durch. Neben meinen Schmerzen kamen die ganzen Depressionen, \u00c4ngste und heul Attacken. Ja richtig ich habe geheult, mehr wie nur einmal, klar aus dem Grund weil ich heim wollte, andere Gr\u00fcnde war Angst und wut.<\/p>\r\n<p><a href=\"https:\/\/meinneuesleben.eu\/?page_id=76\">Hier geht\u00b4s weiter<\/a><\/p>\r\n","protected":false},"excerpt":{"rendered":"<p>Geplant war das ich 21 Tage lang eine Infusion erhalte,zur Behandlung meiner PCP, (der Lungenentz\u00fcndung),nach knapp 10 Tagen, ich war gerade mit meinem Freund spazieren gewesen,und hatte auch den gechmack der Zigarettenwiedergefunden und logischweise beim gehen eien geraucht.Als wir auf dem Weg ins Zimmer von einer Schwester angehalten wurden. &#8222;Das sind Sie ja, sie m\u00fcssen [&hellip;]<\/p>\n","protected":false},"author":1,"featured_media":0,"parent":0,"menu_order":0,"comment_status":"closed","ping_status":"closed","template":"","meta":{"footnotes":""},"class_list":["post-59","page","type-page","status-publish","hentry"],"_links":{"self":[{"href":"https:\/\/meinneuesleben.eu\/index.php?rest_route=\/wp\/v2\/pages\/59","targetHints":{"allow":["GET"]}}],"collection":[{"href":"https:\/\/meinneuesleben.eu\/index.php?rest_route=\/wp\/v2\/pages"}],"about":[{"href":"https:\/\/meinneuesleben.eu\/index.php?rest_route=\/wp\/v2\/types\/page"}],"author":[{"embeddable":true,"href":"https:\/\/meinneuesleben.eu\/index.php?rest_route=\/wp\/v2\/users\/1"}],"replies":[{"embeddable":true,"href":"https:\/\/meinneuesleben.eu\/index.php?rest_route=%2Fwp%2Fv2%2Fcomments&post=59"}],"version-history":[{"count":6,"href":"https:\/\/meinneuesleben.eu\/index.php?rest_route=\/wp\/v2\/pages\/59\/revisions"}],"predecessor-version":[{"id":390,"href":"https:\/\/meinneuesleben.eu\/index.php?rest_route=\/wp\/v2\/pages\/59\/revisions\/390"}],"wp:attachment":[{"href":"https:\/\/meinneuesleben.eu\/index.php?rest_route=%2Fwp%2Fv2%2Fmedia&parent=59"}],"curies":[{"name":"wp","href":"https:\/\/api.w.org\/{rel}","templated":true}]}}