{"id":54,"date":"2020-06-21T22:11:33","date_gmt":"2020-06-21T22:11:33","guid":{"rendered":"https:\/\/meinneuesleben.eu\/?page_id=54"},"modified":"2021-10-16T21:40:11","modified_gmt":"2021-10-16T21:40:11","slug":"der-tag-der-alles-veraenderte","status":"publish","type":"page","link":"https:\/\/meinneuesleben.eu\/?page_id=54","title":{"rendered":"Der Tag der alles ver\u00e4nderte&#8230;"},"content":{"rendered":"\r\n<p>&#8230;Nun, knapp eine Woche nach dem Allergie-Test rief die Praxis an,<br \/>Ich m\u00f6chte bitte mal vorstellig werden.<\/p>\r\n\r\n\r\n\r\n<p><em>\u201eOh gut, dass Ergebnis \u2013 mein Leid des ewigen Juckens hat endlich ein Ende\u201c,<\/em><br \/>dachte ich jedenfalls.<\/p>\r\n\r\n\r\n\r\n<p>Also ging ich zur Praxis.<br \/>Merkw\u00fcrdigerweise kam ich sofort dran, der Arzt wartete auch schon auf mich.<\/p>\r\n\r\n\r\n\r\n<p><em>\u201eSetzen Sie sich bitte, ich habe Ihnen letzte Woche Blut entnommen wie Sie ja wissen. Ich habe auch einen HIV-Test machen lassen, ich kann Ihnen leider nicht mehr helfen. Sie haben AIDS, gehen Sie bitte direkt zu diesem Arzt hier, er ist Schwerpunktarzt der Immunologie.\u201c<\/em><\/p>\r\n\r\n\r\n\r\n<p><strong><em>Anmerkung:<\/em> <\/strong><em>Ein Arzt m u s s seinen Patienten darauf hinweisen das ein HIV -Test durchgef\u00fchrt wird, ohne Einwilligung des Patienten darf dieser nicht durchgef\u00fchrt werden. (Im nachhinein war ich und bin ich diesem Arzt noch immer dankbar das er den Test veranlasste)<\/em><\/p>\r\n\r\n\r\n\r\n<p><strong><em>Moment.. stop&#8230; was.. er hat was gesgat ich habe bitte was?! Schei\u00dfe, nein das hat er nicht gesgat, oder hat er doch ?!..<\/em><\/strong><\/p>\r\n\r\n\r\n\r\n<p>Tja, mit diesen Worten sa\u00df ich dann in der Praxis.<br \/>Nach einigen Minuten verlie\u00df ich die Praxis und ging wie ferngesteuert<br \/>zu diesem anderen Arzt.<br \/>Die Sprechstundenhilfe sah mich an, und fragte: <em>\u201cSie haben einen Termin?\u201c<\/em><br \/>\u2013 ich erwiderte: <em>\u201eNein, mein Hautarzt hat mich sofort hierher geschickt mit dem Testergebnis hier.\u201c<\/em><br \/><em>\u201eAh ja, ein Anruf h\u00e4tte die Praxis ja machen k\u00f6nnen. Das k\u00f6nnte jetzt etwas dauern, da wir recht voll besetzt sind heute.\u201c<\/em><br \/>Sie schaute sich mein Testergebnis und das Schreiben vom Arzt an.<br \/><em>\u201eWann haben Sie das Ergebnis mitgeteilt bekommen?\u201c<\/em> fragte sie schlie\u00dflich.<br \/><em>\u201c Hmm, vor knapp einer Stunde\u201c<\/em> gab ich zur\u00fcck.<\/p>\r\n\r\n\r\n\r\n<p>Ein <em>\u201ehui\u201c<\/em> pfiff durch Ihre Lippen, ich solle doch bitte in den Wartebereich gehen und warten.<br \/>Die Zeit schien still zu stehen, obwohl es eigentlich nur 15 Minuten gedauert hatte<br \/>bis mich der Doktor aufrief.<br \/>Er musterte mich von oben nach unten, schaute mir ins Gesicht und sagte schlie\u00dflich zu mir:<br \/><em>\u201c Oh man, sie h\u00e4tten nicht l\u00e4nger warten d\u00fcrfen.<br \/>Ich werde Sie gleich untersuchen und im Anschluss<br \/>bekommen Sie eine Einweisung, kommen Sie morgen bitte auf Station.\u201c<\/em><br \/>&#8222;Oh je\u201c dachte ich bei mir, na das klingt ja berauschend.<\/p>\r\n\r\n\r\n\r\n<h2 class=\"wp-block-heading\">Wie geht\u00b4s weiter?&#8230;<\/h2>\r\n\r\n\r\n\r\n<p>Nach der Untersuchung bekam ich die Papiere f\u00fcr die station\u00e4re Aufnahme.<br \/>Ich fuhr dann wieder nach Hause,<br \/>im Kopf war Leere, einfach nichts war da zur Zeit drin.<br \/><em>Wie soll ich es meinem Freund nur sagen? Wie wird er reagieren, was wird er machen?!?<\/em><br \/>Diese und weitere Fragen der Art gingen mir durch den Kopf.<br \/>Aber es half ja nichts, ich musste es ihm sagen.<br \/>Zuhause angekommen, packte ich meinen Koffer f\u00fcr den Krankenhausbesuch.<br \/>Na ja paar Klamotten, brauche ja nicht lange, maximal eine Woche.<br \/>Es kam dann die Zeit wo mein Freund von der Arbeit nach Hause kam und ich es ihm sagen musste.<\/p>\r\n\r\n\r\n\r\n<p><em>\u201eHi Schatz, also ich war dann heute bei der Immunologischen Praxis gewesen<br \/>und hab mit dem Arzt gesprochen, da der &#8222;Heil-Guru&#8220; einen HIV Test machte,<br \/>ohne das ich es wusste.<br \/>Er gab mir das Ergebniss und schickte mich in eine Schwerpunktpraxis.<br \/>Nun also der Arzt sagt ich muss ins Krankenhaus, er hat mir heute noch mal Blut abgenommen<br \/>und die Diagnose lautet &#8222;<strong>HIV C3-AIDS im Vollbild<\/strong>\u201c<\/em><br \/>So nun ist es raus, wie wird er reagieren? Was wird er sagen?<\/p>\r\n\r\n\r\n\r\n<p><strong><em>\u201eNa das schaffen wir schon\u201c so oder so \u00e4hnlich reagierte er dann.<\/em><\/strong><\/p>\r\n\r\n\r\n\r\n<p>Ja, das ist mein Freund.<\/p>\r\n<p><a href=\"https:\/\/meinneuesleben.eu\/?page_id=57\">Hier geht\u00b4s weiter<\/a><\/p>\r\n","protected":false},"excerpt":{"rendered":"<p>&#8230;Nun, knapp eine Woche nach dem Allergie-Test rief die Praxis an,Ich m\u00f6chte bitte mal vorstellig werden. \u201eOh gut, dass Ergebnis \u2013 mein Leid des ewigen Juckens hat endlich ein Ende\u201c,dachte ich jedenfalls. Also ging ich zur Praxis.Merkw\u00fcrdigerweise kam ich sofort dran, der Arzt wartete auch schon auf mich. \u201eSetzen Sie sich bitte, ich habe Ihnen [&hellip;]<\/p>\n","protected":false},"author":1,"featured_media":0,"parent":0,"menu_order":0,"comment_status":"closed","ping_status":"closed","template":"","meta":{"footnotes":""},"class_list":["post-54","page","type-page","status-publish","hentry"],"_links":{"self":[{"href":"https:\/\/meinneuesleben.eu\/index.php?rest_route=\/wp\/v2\/pages\/54","targetHints":{"allow":["GET"]}}],"collection":[{"href":"https:\/\/meinneuesleben.eu\/index.php?rest_route=\/wp\/v2\/pages"}],"about":[{"href":"https:\/\/meinneuesleben.eu\/index.php?rest_route=\/wp\/v2\/types\/page"}],"author":[{"embeddable":true,"href":"https:\/\/meinneuesleben.eu\/index.php?rest_route=\/wp\/v2\/users\/1"}],"replies":[{"embeddable":true,"href":"https:\/\/meinneuesleben.eu\/index.php?rest_route=%2Fwp%2Fv2%2Fcomments&post=54"}],"version-history":[{"count":3,"href":"https:\/\/meinneuesleben.eu\/index.php?rest_route=\/wp\/v2\/pages\/54\/revisions"}],"predecessor-version":[{"id":395,"href":"https:\/\/meinneuesleben.eu\/index.php?rest_route=\/wp\/v2\/pages\/54\/revisions\/395"}],"wp:attachment":[{"href":"https:\/\/meinneuesleben.eu\/index.php?rest_route=%2Fwp%2Fv2%2Fmedia&parent=54"}],"curies":[{"name":"wp","href":"https:\/\/api.w.org\/{rel}","templated":true}]}}