{"id":149,"date":"2020-07-10T19:37:26","date_gmt":"2020-07-10T19:37:26","guid":{"rendered":"https:\/\/meinneuesleben.eu\/?page_id=149"},"modified":"2021-10-16T21:49:04","modified_gmt":"2021-10-16T21:49:04","slug":"das-leben-einer-katze","status":"publish","type":"page","link":"https:\/\/meinneuesleben.eu\/?page_id=149","title":{"rendered":"Das Leben einer Katze&#8230;"},"content":{"rendered":"\r\n<h1 class=\"wp-block-heading\">\u00a0<\/h1>\r\n\r\n\r\n\r\n<p>\u2026mir sagte mal jemand vor noch gar nicht all zu langer Zeit, dass das was ich durchmachte, auch mit diesen Worten zu beschreiben w\u00e4re, \u201eAuferstanden aus Ruinen\u201c, aber das erinnert mich dann immer auch an das Lied mit dieser Zeile^^ \u2026 Ja wer mich gesehen hat im Jahr 2016, kann dies best\u00e4ttigen das ich eine wandelde Ruine war, eine H\u00fclle wo das Leben ausgelaufen ist \u2026.. Ein Katze hat bekanntlich 7 Leben, nun davon habe ich bis jetzt schon 4 verbraten \u2026<\/p>\r\n\r\n\r\n\r\n<ul class=\"wp-block-list\">\r\n<li>als Kind wurde ich mit dem Auto angefahren (ich fuhr mit dem Rad und das Auto erwischte mich frontal)<\/li>\r\n<li>In der Berufsschule erlitt ich einen anaphylaktischen Schock<\/li>\r\n<li>als junger erwachsener hatte ich einen frontalzusammenstoss mit einem Geisterfahrer<\/li>\r\n<li>und 2016 die Diagnose AIDS\u2026.<\/li>\r\n<\/ul>\r\n\r\n\r\n\r\n<p>Nun, was und wie ich es erlebt habe, \u201emein neues Leben\u201c k\u00f6nntet Ihr ja lesen\u2026 Was Ihr aber noch nicht gelesen habt ist, wie es mir heute geht. 3 Jahre nach der Diagnose. Mit meinem Arzt habe ich mal gesprochen das ich in den 90er diese drei jahre nciht erlebt h\u00e4tte mit meinem Status.. Ich war mehr Tod wie lebendig\u2026. Aber gut, wir haben Dezember 2019.<\/p>\r\n\r\n\r\n\r\n<p><strong><em>Wie geht es mir?<\/em><\/strong><\/p>\r\n\r\n\r\n\r\n<p>Mir geht es eigentlich doch sehr gut, klar die Schmerzen von der OP an der Lunge werde ich nicht los, sie schr\u00e4nken mich auch ein, ich kann nieweider Inliner, Ski -\/ Snowboarden, auch das Klettern und Wandern ist nicht mehr so zu erledigen.. Aber es geht mir gut .<\/p>\r\n\r\n\r\n\r\n<p>Ich bin zwar Voll-erwerbsgemindert (Rentner), arbeite aber noch immer im Unternehmen wo ich seid 7 Jahren besch\u00e4fftigt bin, es wissen alle bescheid was mit mir war und was mit mir ist.<\/p>\r\n\r\n\r\n\r\n<p>Ich engagiere mich in der \u00f6rtlichen Aids-Hilfe. Habe mit einigen Leuten den eignenen Verein gegr\u00fcndet um gegen die leider immernoch andauernde Stigmatisierung und Diskriminierung vor zu gehen, besonders im mediszin-\/ Gesundheistwesen.<\/p>\r\n\r\n\r\n\r\n<p><strong>Wie sieht mein Alltag heute aus ?<\/strong><\/p>\r\n\r\n\r\n\r\n<p>Ich denke er sieht nicht anders aus wie der anderer chronisch Kranker Menschen, denn das bin, chronisch Krank. Nicht todkrank, nicht sterbender, nicht dahin sichender Mensch, Nein ich bin ein mensch der eine chronische Erkrankung hat, ja wie ein diabetiker, die sind nun auch mal chronisch krank. Ich stehe morgens auf, mache mich frisch und ziehe mich an, nehme meine Medikamente (Therapie) ein, f\u00fctter meine Kater und gehe aus dem Haus zur arbeit, ok ab Januar muss ich das auch nicht mehr machen, da arbeite ich im home-Office. Gehe einkaufen, bummeln und auch shoppen, wenn ich es denn m\u00f6chte. Ich reise sogar ohja, Teneriffa ist mein Lieblingsort , klar oder ^^<\/p>\r\n\r\n\r\n\r\n<p>Dieses Jahr feiern wir dann Silverster eine Stunde vor Euch , in London ^^<\/p>\r\n\r\n\r\n\r\n<p>Im September 2019 habe ich mit einigen Leuten zusammen einen Verein gegr\u00fcndet, der sich f\u00fcr die Rechte und Mitsprache und gegen Stigma und Diskriminierung von Menschen mit HIV \/ AIDS einsetzt, ich kann es kaum erwarten das wir \u201eamtlich\u201c werden \ud83d\ude42<\/p>\r\n\r\n\r\n\r\n<p>Nun in meiner Schilderung, was ich 2016 erlebte, habt Ihr auch bestimmt gelesen das sich einige Freunde von mir abwendeten, weil sie Angst haben vor mir (dabei bin ich der liebste Mensch neben Michel Meyers) ^^, oder sie haben Angst vor mir wegen meiner Krankheit, weil sie nicht wissen was das bedeutet, aus Angst mich zu verlieren ? Naja haben sie ja geschafft, nur nicht auf diesem weg sondern auf dem weg das ich dann nicht mehr will.. Wer mich krank nicht unterst\u00fczt hat mich gesund nicht verdient, so einfach .<\/p>\r\n\r\n\r\n\r\n<p>Ich lernte in den letzten 2,5 Jahren unterschiedliche Menschen kennen. Mitstreiter, Menschen die zwar f\u00fcr die selbe Sache sind, aber dennoch von Empathie soviel verstehen wie ich vom Raumschiff fliegen. Ich hatte mal eine Unterhaltung mit eingen Leuten, alle HIV+, wir kamen irgendwie auf das Thema reisen, Kreuzfahrt und das ganze Zeug. \u201eIn die USA w\u00fcrde ich auch gerne mal, aber leider d\u00fcrfen wir da ja nicht einreisen, weil wir HIV haben\u201c, sagte ich, ich wurde dann aufgekl\u00e4rt das wir auch mit HIV einreisen d\u00fcrfen, m\u00fcsste man eben vorher mit der Botschaft sprechen, ist etwas aufwendiger aber sicher. Andere sagten mir das sie einfach verschweigen das man HIV+ ist, kan man machen muss aber nicht sein finde ich, ich will ja das sich etwas \u00e4ndert, es \u00e4ndert sich nichts wenn ich nichts sage \ud83d\ude42<\/p>\r\n\r\n\r\n\r\n<p>Ihr seht, ich lebe ein ganz normales Leben. Was gott sei Dank dank der modernen Therapie m\u00f6glich ist.. Ich bin gespannt was das weitere Leben noch f\u00fcr mich bereit h\u00e4lt, aber unter uns und ich hoffe das Schicksal liest mit, das mit den 7 Leben muss ich nicht weiter ausreizen \ud83d\ude42<\/p>\r\n\r\n\r\n\r\n<p>Ihr k\u00f6nnt im \u00fcbrigen auch noch etwas tun f\u00fcr mich \ud83d\ude42 Werdet \u201ewissensverdoppler_in\u201c, es ist ganz einfach<a href=\"https:\/\/wissen-verdoppeln.hiv\/\"> #wissenverdoppeln<\/a><\/p>\r\n<p><a href=\"https:\/\/www.meinneuesleben.eu\">Zur\u00fcck zur Startseite<\/a><\/p>\r\n","protected":false},"excerpt":{"rendered":"<p>\u00a0 \u2026mir sagte mal jemand vor noch gar nicht all zu langer Zeit, dass das was ich durchmachte, auch mit diesen Worten zu beschreiben w\u00e4re, \u201eAuferstanden aus Ruinen\u201c, aber das erinnert mich dann immer auch an das Lied mit dieser Zeile^^ \u2026 Ja wer mich gesehen hat im Jahr 2016, kann dies best\u00e4ttigen das ich [&hellip;]<\/p>\n","protected":false},"author":1,"featured_media":0,"parent":0,"menu_order":0,"comment_status":"open","ping_status":"closed","template":"","meta":{"footnotes":""},"class_list":["post-149","page","type-page","status-publish","hentry"],"_links":{"self":[{"href":"https:\/\/meinneuesleben.eu\/index.php?rest_route=\/wp\/v2\/pages\/149","targetHints":{"allow":["GET"]}}],"collection":[{"href":"https:\/\/meinneuesleben.eu\/index.php?rest_route=\/wp\/v2\/pages"}],"about":[{"href":"https:\/\/meinneuesleben.eu\/index.php?rest_route=\/wp\/v2\/types\/page"}],"author":[{"embeddable":true,"href":"https:\/\/meinneuesleben.eu\/index.php?rest_route=\/wp\/v2\/users\/1"}],"replies":[{"embeddable":true,"href":"https:\/\/meinneuesleben.eu\/index.php?rest_route=%2Fwp%2Fv2%2Fcomments&post=149"}],"version-history":[{"count":2,"href":"https:\/\/meinneuesleben.eu\/index.php?rest_route=\/wp\/v2\/pages\/149\/revisions"}],"predecessor-version":[{"id":400,"href":"https:\/\/meinneuesleben.eu\/index.php?rest_route=\/wp\/v2\/pages\/149\/revisions\/400"}],"wp:attachment":[{"href":"https:\/\/meinneuesleben.eu\/index.php?rest_route=%2Fwp%2Fv2%2Fmedia&parent=149"}],"curies":[{"name":"wp","href":"https:\/\/api.w.org\/{rel}","templated":true}]}}