{"id":144,"date":"2020-07-10T19:30:55","date_gmt":"2020-07-10T19:30:55","guid":{"rendered":"https:\/\/meinneuesleben.eu\/?page_id=144"},"modified":"2021-10-16T21:46:23","modified_gmt":"2021-10-16T21:46:23","slug":"tja-und-jetzt","status":"publish","type":"page","link":"https:\/\/meinneuesleben.eu\/?page_id=144","title":{"rendered":"Tja, und jetzt&#8230;."},"content":{"rendered":"\r\n<p>Ihr fragt Euch bestimmt warum ich dieses Blog erstellt habe ?<\/p>\r\n\r\n\r\n\r\n<p>Nun ich habe es eigentlich f\u00fcr mich gemacht und nat\u00fcrlich auch f\u00fcr Euch. um Euch zu zeigen da man mit HIV und auch AIDS ein normales Leben f\u00fchren kann, klar bissel weniger Komplikationen h\u00e4tte ich auch gerne genommen, aber wenn dann richtig \ud83d\ude09<\/p>\r\n\r\n\r\n\r\n<p>Nat\u00fcrlich war ich nach der Diagnose auch stellenweise Depri, w\u00e4hrend meiner 3 Monate im Krankenhaus hatte ich auch den sogenannten Klinik-Kollaps, hatte nat\u00fcrlich auch die Gedanken des Freitods, ich denke da kann sich niemand von frei sprechen der die Diagnose bekommt. Im Juni 2016 hatte ich ganze <strong>2 Helferzellen<\/strong>, zu Beginn der Reha hatte ich immerhin schon<strong> 48<\/strong> , im Januar 2017 waren es schon<strong> 86<\/strong> und im April 2017 bin ich immerhin schon bei <strong>165 Helferzellen<\/strong> angekommen, Ihr seht also das ich auf dem Weg ins Leben bin und es niemals aufgeben mag.<\/p>\r\n\r\n\r\n\r\n<p>Ich war keinen tag alleine, mein Freund war immer bei mir, ob er arbeiten musste oder nicht, er kam mich t\u00e4glich besuchen im Krankenhaus, hat meine Launen ertragen, meine Schwankungen , er gab mir die Kraft und den Halt weiter zu machen, der Krankheit den \u201eStinkefinger\u201c zu zeigen und zu sagen \u201eMit mir nicht..\u201c Daf\u00fcr liebe ich ihn \u00fcber alles<\/p>\r\n\r\n\r\n\r\n<p>Anderen die die Diagnose erhalten und nicht weiter wissen, denen sag ich nur folgendes.<\/p>\r\n\r\n\r\n\r\n<p>\u201eBleibt stark, auch wenn Ihr einen Durchh\u00e4nger habt der Tag vergeht, wir sind nicht mehr in den 80gern, die Medikamente sind sehr gut und auch hilfreich. Lebt Euer Leben weiter, es lohnt sich.\u201c<\/p>\r\n\r\n\r\n\r\n<p>Ein lieber Mensch den ich im HIV-Forum kennengelernt habe ( Matthias) sagte\/ schrieb mal zu mir folgendes:<\/p>\r\n\r\n\r\n\r\n<p>Wenn ich mir Deine Texte ansehe, mache ich mir nicht viel Sorgen um Dich \u2026 da lese ich viel St\u00e4rke und Selbstbewusstsein heraus. Aber: Du musst nicht immer stark und selbtbewusst sein. Du darfst Dich auch mal gehen lassen, entspannen, weinen, schimpfen, wieder Mut bekommen. Wenn Du \u00bbnur\u00ab stark sein willst, brauchst Du viel zu viel Kraft, um \u00bbstark\u00ab zu wirken \u2013 die Kraft kannst Du an anderer Stelle viel besser einsetzen. Danke f\u00fcr diese Worte, Matthias diese hab ich mir \u00f6fters mal zu Herzen genommen.<\/p>\r\n\r\n\r\n\r\n<p>Wenn Ihr fragen habt , so fragt, entweder per Kommentar oder aber \u00fcber das Kontaktformular.<\/p>\r\n\r\n\r\n\r\n<p class=\"has-text-align-center\"><strong>Hier mal paar Zahlen und Werte:<\/strong><\/p>\r\n\r\n\r\n\r\n<p>Juni 2016 ( Untersuchung bei Aufnahme im Krankenhaus:)<\/p>\r\n\r\n\r\n\r\n<div class=\"wp-block-group\">\r\n<div class=\"wp-block-group__inner-container is-layout-flow wp-block-group-is-layout-flow\">\r\n<pre class=\"wp-block-preformatted\"><strong>Gr\u00f6\u00dfe:<\/strong> 180 cm<img loading=\"lazy\" decoding=\"async\" class=\"size-medium wp-image-69 alignright\" src=\"https:\/\/meinneuesleben.eu\/wp-content\/uploads\/2020\/06\/2016-07-05-20-48-47-e1493313354233-245x300.jpg\" alt=\"\" width=\"245\" height=\"300\" srcset=\"https:\/\/meinneuesleben.eu\/wp-content\/uploads\/2020\/06\/2016-07-05-20-48-47-e1493313354233-245x300.jpg 245w, https:\/\/meinneuesleben.eu\/wp-content\/uploads\/2020\/06\/2016-07-05-20-48-47-e1493313354233-838x1024.jpg 838w, https:\/\/meinneuesleben.eu\/wp-content\/uploads\/2020\/06\/2016-07-05-20-48-47-e1493313354233-768x939.jpg 768w, https:\/\/meinneuesleben.eu\/wp-content\/uploads\/2020\/06\/2016-07-05-20-48-47-e1493313354233-1257x1536.jpg 1257w, https:\/\/meinneuesleben.eu\/wp-content\/uploads\/2020\/06\/2016-07-05-20-48-47-e1493313354233-1676x2048.jpg 1676w, https:\/\/meinneuesleben.eu\/wp-content\/uploads\/2020\/06\/2016-07-05-20-48-47-e1493313354233.jpg 1936w\" sizes=\"auto, (max-width: 245px) 100vw, 245px\" \/>\r\n<strong>Gewicht:<\/strong> 53 kg\r\n<strong>Virenlast<\/strong> :           3 600 000 \u00b5\/ml Blut\r\n<strong>Helferzellen<\/strong>  :              <span style=\"color: #ff0000;\"><strong> 2<\/strong><\/span> \u00b5\/ml Blut\r\n\r\n<em><strong>Medikamentation: <\/strong><\/em>\r\nTivicay 50 mg<\/pre>\r\n<pre class=\"wp-block-preformatted\">Descovy 200\/25mg \r\nValcyt 450mg \r\nPredinisolon \r\nalle 4 Wochen zur Inhalation mit Pentamidin 300mg <\/pre>\r\n\r\n\r\n\r\n<h2 class=\"wp-block-heading\">april 2017<\/h2>\r\n\r\n\r\n\r\n<pre class=\"wp-block-preformatted\">April 2017 ( fast 12 Monate dannach)<img loading=\"lazy\" decoding=\"async\" class=\"size-medium wp-image-36 alignleft\" src=\"https:\/\/meinneuesleben.eu\/wp-content\/uploads\/2020\/06\/img_20170309_115334-e1491903182667-251x300.jpg\" alt=\"\" width=\"251\" height=\"300\" srcset=\"https:\/\/meinneuesleben.eu\/wp-content\/uploads\/2020\/06\/img_20170309_115334-e1491903182667-251x300.jpg 251w, https:\/\/meinneuesleben.eu\/wp-content\/uploads\/2020\/06\/img_20170309_115334-e1491903182667-857x1024.jpg 857w, https:\/\/meinneuesleben.eu\/wp-content\/uploads\/2020\/06\/img_20170309_115334-e1491903182667-768x918.jpg 768w, https:\/\/meinneuesleben.eu\/wp-content\/uploads\/2020\/06\/img_20170309_115334-e1491903182667-1285x1536.jpg 1285w, https:\/\/meinneuesleben.eu\/wp-content\/uploads\/2020\/06\/img_20170309_115334-e1491903182667-1714x2048.jpg 1714w, https:\/\/meinneuesleben.eu\/wp-content\/uploads\/2020\/06\/img_20170309_115334-e1491903182667.jpg 1856w\" sizes=\"auto, (max-width: 251px) 100vw, 251px\" \/><\/pre>\r\n<pre><strong>Gr\u00f6\u00dfe<\/strong>: 180 cm\r\n<strong>Gewicht<\/strong>: 84,9 kg\r\n<strong>Viruslast<\/strong>: 5 ( unter Nachweisgrenze)\r\n<strong>Helferzellen:<\/strong> <span style=\"color: #ff0000;\">164<\/span>\r\n<br \/><strong>Medikation :<\/strong> \r\nTivicay 1x t\u00e4glich\r\nDescovy 1x t\u00e4glich\r\nalle 4 Wochen zur Inhalation mit Pentamidin 300mg <\/pre>\r\n<\/div>\r\n<\/div>\r\n\r\n\r\n\r\n<p>&nbsp;<\/p>\r\n\r\n\r\n\r\n<p>&nbsp;<\/p>\r\n\r\n\r\n\r\n<p><strong>Juni 2018 zwei Jahre dannach:<\/strong><\/p>\r\n\r\n\r\n\r\n<p>Wie haben sich die Werte ver\u00e4ndert,\u00a0 2 jahre nach der Diagnose\u2026?<\/p>\r\n\r\n\r\n\r\n<pre><strong>Gr\u00f6\u00dfe:<\/strong> 180 cm<br \/><strong>Gewicht:<\/strong> 91,3 kg<br \/><strong>Viruslast:<\/strong> unter Nachweisgrenze<br \/><strong>Helferzellen<\/strong>: <span style=\"color: #ff0000;\">284<\/span><br \/><strong>Medikation<\/strong> : <br \/>Tivicay 1x t\u00e4glich <br \/>Descovy 1x t\u00e4glich<br \/>(einmal im Monat zur Inhalation, mit viel Gl\u00fcck ist im Juli die letzte Inhaltaion und mein Immunsystem ist stark genug um alleine gegen die Viren zu k\u00e4mpfen)<\/pre>\r\n\r\n\r\n\r\n<div class=\"wp-block-media-text alignwide is-stacked-on-mobile\">\r\n<figure class=\"wp-block-media-text__media\"><img loading=\"lazy\" decoding=\"async\" width=\"769\" height=\"1024\" class=\"wp-image-40\" src=\"https:\/\/meinneuesleben.eu\/wp-content\/uploads\/2020\/06\/20200430_180259131_iOS-769x1024.jpg\" alt=\"\" srcset=\"https:\/\/meinneuesleben.eu\/wp-content\/uploads\/2020\/06\/20200430_180259131_iOS-769x1024.jpg 769w, https:\/\/meinneuesleben.eu\/wp-content\/uploads\/2020\/06\/20200430_180259131_iOS-225x300.jpg 225w, https:\/\/meinneuesleben.eu\/wp-content\/uploads\/2020\/06\/20200430_180259131_iOS-768x1022.jpg 768w, https:\/\/meinneuesleben.eu\/wp-content\/uploads\/2020\/06\/20200430_180259131_iOS-1154x1536.jpg 1154w, https:\/\/meinneuesleben.eu\/wp-content\/uploads\/2020\/06\/20200430_180259131_iOS-1539x2048.jpg 1539w, https:\/\/meinneuesleben.eu\/wp-content\/uploads\/2020\/06\/20200430_180259131_iOS-scaled.jpg 1923w\" sizes=\"auto, (max-width: 767px) 89vw, (max-width: 1000px) 54vw, (max-width: 1071px) 543px, 580px\" \/><\/figure>\r\n<div class=\"wp-block-media-text__content\">\r\n<p class=\"has-large-font-size\"><strong>Nun, was machen meine Werte im Jahr 2020?<\/strong><\/p>\r\n\r\n\r\n\r\n<pre><strong>Gr\u00f6\u00dfe<\/strong>: 180 cm<br \/><strong>Gewicht:<\/strong> 95 kg ( bleibend)<br \/><strong>Viruslast<\/strong>: unter <span style=\"color: #000000;\">Nachweis<\/span><br \/><span style=\"color: #000000;\"><strong>Helferzellen<\/strong>: <span style=\"color: #ff0000;\">482<\/span><\/span><br \/><strong>Medikation:<\/strong><br \/>Tivicay 1xt\u00e4glich<br \/>Descovy 1xt\u00e4glich<br \/>Inhaltaion seit Juli 2018 nicht mehr n\u00f6tig.<\/pre>\r\n\r\n\r\n\r\n<p><a href=\"https:\/\/meinneuesleben.eu\/?page_id=149\">Hier geht\u00b4s weiter<\/a><\/p>\r\n<\/div>\r\n<\/div>\r\n","protected":false},"excerpt":{"rendered":"<p>Ihr fragt Euch bestimmt warum ich dieses Blog erstellt habe ? Nun ich habe es eigentlich f\u00fcr mich gemacht und nat\u00fcrlich auch f\u00fcr Euch. um Euch zu zeigen da man mit HIV und auch AIDS ein normales Leben f\u00fchren kann, klar bissel weniger Komplikationen h\u00e4tte ich auch gerne genommen, aber wenn dann richtig \ud83d\ude09 Nat\u00fcrlich [&hellip;]<\/p>\n","protected":false},"author":1,"featured_media":0,"parent":0,"menu_order":0,"comment_status":"closed","ping_status":"closed","template":"","meta":{"footnotes":""},"class_list":["post-144","page","type-page","status-publish","hentry"],"_links":{"self":[{"href":"https:\/\/meinneuesleben.eu\/index.php?rest_route=\/wp\/v2\/pages\/144","targetHints":{"allow":["GET"]}}],"collection":[{"href":"https:\/\/meinneuesleben.eu\/index.php?rest_route=\/wp\/v2\/pages"}],"about":[{"href":"https:\/\/meinneuesleben.eu\/index.php?rest_route=\/wp\/v2\/types\/page"}],"author":[{"embeddable":true,"href":"https:\/\/meinneuesleben.eu\/index.php?rest_route=\/wp\/v2\/users\/1"}],"replies":[{"embeddable":true,"href":"https:\/\/meinneuesleben.eu\/index.php?rest_route=%2Fwp%2Fv2%2Fcomments&post=144"}],"version-history":[{"count":4,"href":"https:\/\/meinneuesleben.eu\/index.php?rest_route=\/wp\/v2\/pages\/144\/revisions"}],"predecessor-version":[{"id":399,"href":"https:\/\/meinneuesleben.eu\/index.php?rest_route=\/wp\/v2\/pages\/144\/revisions\/399"}],"wp:attachment":[{"href":"https:\/\/meinneuesleben.eu\/index.php?rest_route=%2Fwp%2Fv2%2Fmedia&parent=144"}],"curies":[{"name":"wp","href":"https:\/\/api.w.org\/{rel}","templated":true}]}}