{"id":12,"date":"2020-06-21T21:38:30","date_gmt":"2020-06-21T21:38:30","guid":{"rendered":"https:\/\/meinneuesleben.eu\/?page_id=12"},"modified":"2020-06-21T22:06:53","modified_gmt":"2020-06-21T22:06:53","slug":"ein-startseiten-abschnitt","status":"publish","type":"page","link":"https:\/\/meinneuesleben.eu\/?page_id=12","title":{"rendered":"Meine Geschichte"},"content":{"rendered":"\n<blockquote class=\"wp-block-quote is-layout-flow wp-block-quote-is-layout-flow\"><p>Ich erz\u00e4hle Euch hier meine &#8222;Geschichte&#8220;.<\/p><p>Es beginnt etwas vor der eigentlichen Diagnose.<\/p><p>Etappe f\u00fcr Etappe teile  ich mit Euch, wie ich f\u00fchlte,<\/p><p>wie ich und vor allem was ich erlebte\u2026<\/p><p>Viel Spass, wenn Ihr fragen habt, k\u00f6nnt Ihr mir gerne eine Mail schreiben\u2026<\/p><\/blockquote>\n\n\n\n<p><\/p>\n","protected":false},"excerpt":{"rendered":"<p>Ich erz\u00e4hle Euch hier meine &#8222;Geschichte&#8220;. Es beginnt etwas vor der eigentlichen Diagnose. Etappe f\u00fcr Etappe teile ich mit Euch, wie ich f\u00fchlte, wie ich und vor allem was ich erlebte\u2026 Viel Spass, wenn Ihr fragen habt, k\u00f6nnt Ihr mir gerne eine Mail schreiben\u2026<\/p>\n","protected":false},"author":1,"featured_media":0,"parent":0,"menu_order":0,"comment_status":"closed","ping_status":"closed","template":"","meta":{"footnotes":""},"class_list":["post-12","page","type-page","status-publish","hentry"],"_links":{"self":[{"href":"https:\/\/meinneuesleben.eu\/index.php?rest_route=\/wp\/v2\/pages\/12","targetHints":{"allow":["GET"]}}],"collection":[{"href":"https:\/\/meinneuesleben.eu\/index.php?rest_route=\/wp\/v2\/pages"}],"about":[{"href":"https:\/\/meinneuesleben.eu\/index.php?rest_route=\/wp\/v2\/types\/page"}],"author":[{"embeddable":true,"href":"https:\/\/meinneuesleben.eu\/index.php?rest_route=\/wp\/v2\/users\/1"}],"replies":[{"embeddable":true,"href":"https:\/\/meinneuesleben.eu\/index.php?rest_route=%2Fwp%2Fv2%2Fcomments&post=12"}],"version-history":[{"count":2,"href":"https:\/\/meinneuesleben.eu\/index.php?rest_route=\/wp\/v2\/pages\/12\/revisions"}],"predecessor-version":[{"id":50,"href":"https:\/\/meinneuesleben.eu\/index.php?rest_route=\/wp\/v2\/pages\/12\/revisions\/50"}],"wp:attachment":[{"href":"https:\/\/meinneuesleben.eu\/index.php?rest_route=%2Fwp%2Fv2%2Fmedia&parent=12"}],"curies":[{"name":"wp","href":"https:\/\/api.w.org\/{rel}","templated":true}]}}